{"id":5388,"date":"2020-03-25T09:45:14","date_gmt":"2020-03-25T08:45:14","guid":{"rendered":"https:\/\/gdes.com\/corporate\/?page_id=5388"},"modified":"2022-11-18T11:16:14","modified_gmt":"2022-11-18T10:16:14","slug":"unete-a-nuestro-equipo-gdes-corporate","status":"publish","type":"page","link":"https:\/\/gdes.com\/corporate\/en\/unete-a-nuestro-equipo-gdes-corporate\/","title":{"rendered":"Join our team |  Spain and General Services"},"content":{"rendered":"<p>\u00a1Bienvenido! Through our Employment Channel you would consult our job offers&nbsp;<span lang=\"en\">for Spain and Corporate Services&nbsp;<\/span>and inscribe in the most suitable to your professional profile. You can register in spite of you would not find any offer of your interest, and we are going to take your CV&nbsp;into account for future selection processes. You can have access to your profile to have your data updated, too.<\/p>\n<p><img fetchpriority=\"high\" decoding=\"async\" class=\"alignright wp-image-3833 size-full\" src=\"https:\/\/gdes.com\/gdes-uk\/wp-content\/uploads\/sites\/8\/2018\/11\/PersonalWEB.png\" width=\"780\" height=\"421\"><\/p>\n<p>&nbsp;<\/p>\n<p>&nbsp;<\/p>\n<p style=\"text-align: left;\">&nbsp;<\/p>\n<p style=\"text-align: left;\"><a class=\"fasc-button fasc-size-large fasc-type-flat fasc-ico-before dashicons-id\" style=\"background-color: #509cde; color: #ffffff;\" target=\"_blank\" href=\"https:\/\/gdes.epreselec.com\/General\/Alta.aspx\">Register and send us your CV&nbsp; &nbsp; &nbsp;&nbsp;<\/a><\/p>\n<p style=\"text-align: left;\">&nbsp;<\/p>\n<p style=\"text-align: left;\"><a class=\"fasc-button fasc-size-large fasc-type-flat fasc-ico-before dashicons-search\" style=\"background-color: #509cde; color: #ffffff;\" target=\"_blank\" rel=\"noopener\" href=\"https:\/\/gdes.epreselec.com\/Ofertas\/Ofertas.aspx?id_idioma=2&amp;id_origen=web+corporativa\">View the latest job offers&nbsp; &nbsp; &nbsp; &nbsp; &nbsp; &nbsp; &nbsp;&nbsp;<\/a><\/p>\n<p style=\"text-align: left;\">&nbsp;<\/p>\n<p style=\"text-align: left;\"><a class=\"fasc-button fasc-size-large fasc-type-flat fasc-ico-before dashicons-businessman\" style=\"background-color: #509cde; color: #ffffff;\" target=\"_blank\" rel=\"noopener\" href=\"https:\/\/gdes.epreselec.com?id_idioma=2 \">Access and edit your user profile <\/a>&nbsp;&nbsp;&nbsp;&nbsp;&nbsp;<\/p>\n<p style=\"text-align: left;\">&nbsp;<\/p>\n<h3 id=\"tw-target-text\" class=\"tw-data-text tw-text-large tw-ta\" dir=\"ltr\" data-placeholder=\"Traducci\u00f3n\"><span lang=\"en\">Are you interested in working in the Wind Power Industry?<\/span><\/h3>\n<h4>Join GDES Wind Team!&nbsp; &nbsp;<a href=\"mailto:rrhh.wind@gdes.com\">rrhh.wind@gdes.com<\/a><\/h4>\n<p>\nGD ENERGY SERVICES SAU tratar\u00e1 sus datos con la finalidad de gestionar la selecci\u00f3n de personal. Si desea conocer m\u00e1s informaci\u00f3n sobre el tratamiento de sus datos o sobre la posibilidad de ejercer sus derechos, consulte nuestra<a href=\"https:\/\/gdes.com\/corporate\/politica-de-privacidad\/\" target=\"_blank\" rel=\"noopener\"> Pol\u00edtica de Privacidad<\/a>.<\/p>","protected":false},"excerpt":{"rendered":"<p>\u00a1Bienvenido! Through our Employment Channel you would consult our job offers&nbsp;for Spain and Corporate Services&nbsp;and inscribe in the most suitable to your professional profile. You can register in spite of you would not find any offer of your interest, and we are going to take your CV&nbsp;into account for future selection processes. You can have [&hellip;]<\/p>\n","protected":false},"author":3,"featured_media":0,"parent":0,"menu_order":0,"comment_status":"closed","ping_status":"closed","template":"Page-fullwidth.php","meta":{"footnotes":""},"class_list":["post-5388","page","type-page","status-publish","hentry"],"aioseo_notices":[],"_links":{"self":[{"href":"https:\/\/gdes.com\/corporate\/en\/wp-json\/wp\/v2\/pages\/5388","targetHints":{"allow":["GET"]}}],"collection":[{"href":"https:\/\/gdes.com\/corporate\/en\/wp-json\/wp\/v2\/pages"}],"about":[{"href":"https:\/\/gdes.com\/corporate\/en\/wp-json\/wp\/v2\/types\/page"}],"author":[{"embeddable":true,"href":"https:\/\/gdes.com\/corporate\/en\/wp-json\/wp\/v2\/users\/3"}],"replies":[{"embeddable":true,"href":"https:\/\/gdes.com\/corporate\/en\/wp-json\/wp\/v2\/comments?post=5388"}],"version-history":[{"count":27,"href":"https:\/\/gdes.com\/corporate\/en\/wp-json\/wp\/v2\/pages\/5388\/revisions"}],"predecessor-version":[{"id":72308,"href":"https:\/\/gdes.com\/corporate\/en\/wp-json\/wp\/v2\/pages\/5388\/revisions\/72308"}],"wp:attachment":[{"href":"https:\/\/gdes.com\/corporate\/en\/wp-json\/wp\/v2\/media?parent=5388"}],"curies":[{"name":"wp","href":"https:\/\/api.w.org\/{rel}","templated":true}]}}