{"id":377185,"date":"2026-03-16T15:15:05","date_gmt":"2026-03-16T14:15:05","guid":{"rendered":"https:\/\/gdes.com\/corporate\/?page_id=377185"},"modified":"2026-03-16T15:19:36","modified_gmt":"2026-03-16T14:19:36","slug":"premios-y-reconocimientos","status":"publish","type":"page","link":"https:\/\/gdes.com\/corporate\/en\/premios-y-reconocimientos\/","title":{"rendered":"Awards and Acknowledgements"},"content":{"rendered":"<p><\/p>\n<ul>\n<li>\n<div>GDES Prever Award 2025 in the Companies and Institutions category, granted by the General Council of Industrial Relations and Labour Sciences of Spain.<\/div>\n<\/li>\n<li>GD Energy Services Award for Excellence in Safety granted by Iberdrola Energ\u00eda Sostenible Espa\u00f1a for its strong results and outstanding commitment in occupational health and safety.<\/li>\n<li>GD Energy Services S.A.U. awarded the prize for the best company in the field of prevention by the Cofrentes nuclear power plant (IBERDROLA GENERACI\u00d3N).<\/li>\n<li>GDES \u201828 April\u2019 award for outstanding performance in Health and Safety 2023 awarded by ANAV (<em>Asociaci\u00f3n Nuclear Asc\u00f3-Vandell\u00f3s<\/em>\u00a0II).<\/li>\n<li>GDES Company of the Year award Banco Sabadell 2024.<\/li>\n<li>GDES Wind and Xabet Grupo Dominguis award for &#8220;Best Innovative Project&#8221; Club de la Innovaci\u00f3n de la Comunitat Valenciana.<\/li>\n<li>Xabet Grupo Dominguis National Award El Suplemento, category &#8220;Digital Solutions for Industry&#8221;.<\/li>\n<li>Technology Innovator Award 2021 (Corporate Vision Magazine) to the company\u00a0Xabet\u00a0Grupo Dominguis as Spain\u2019s Digital Transformation Expert of the Year.<\/li>\n<li><span lang=\"en\"><span title=\"\">EDF Award for the best work on safety (1VD23) granted by the Nuclear Power Plant of Nogent sur Seine in 2019.<\/span><\/span><\/li>\n<li>GD Energy Services awarded the 2017 Corporate and SME prize by the Chamber of Commerce of Spain in France.<\/li>\n<li>GD Energy Services, winner of\u00a0Servicio a la Comunidad\u00a02017\u00a0Rotary Club Valencia Centro.<\/li>\n<li>Adoraci\u00f3n Arnaldos Gonz\u00e1lvez, Director of Innovation and Technology at GDES, winner of the European FEM\u2019Energia Award 2017.<\/li>\n<li>Honorable mention at the AJEV 2017 Gala.<\/li>\n<li>Alberto Conde, CEO of Xabet and Director of the U.N. Digital Transformation and 4.0 Business of GDES, winner of the European DigitalInfluencer 2017 award by GBM.<\/li>\n<li>Alberto Conde, CEO of Xabet and Director of the U.N. Digital Transformation and 4.0 Business of GDES, winner of the Spanish Gamechanger 2017,ACQ5 Global Awards.<\/li>\n<li>Llum\u00a0(Confederaci\u00f3n Empresarial Valenciana) award in the category of Company-SMEs Safety trajectory 2016 to Revestimientos Anticorrosivos Industriales S.L.U. (GDES Revanti).<\/li>\n<li>2015 Iberdrola Award &#8216;Supplier of the Year&#8217; in the category\u00a0of Competitiveness and Innovation.<\/li>\n<li>&#8220;Blas Aguilar Ortega Brigade 2015&#8221; Regiment Award\u00a0NBQ of Valencia to the Radiological Protection Technical Unit\u00a0of GDES.<\/li>\n<li>EDF award\u00a0<em>Challenge Pr\u00e9vention des Risques<\/em>\u00a0(Occupational Risks Prevention)\u00a0<span lang=\"en\"><span title=\"\">granted by the Nuclear Power Plant of Blayais in 2013.<\/span><\/span><\/li>\n<li>20th Anniversary Award of Revista Econom\u00eda 3, year 2012.<\/li>\n<li>Jos\u00e9 Dominguis, winner of the Actualidad Econ\u00f3mica 2011 award to the best businessman of the Valencia Region.<\/li>\n<li>EDF national award for the best work on safety for the first quarter of 2011.<\/li>\n<li>H\u00e9ctor Dominguis, finalist of the Ernst &amp;Young award to the entrepreneur of year 2010 as representative of the entire Valencia Region.<\/li>\n<li>Award for the best innovator of the year 2010 El Mundo.<\/li>\n<li>Honorable Mention at the 2009 Prever Occupational Risk Prevention Awards of the Spanish Ministry of Labour and Social Affairs.<\/li>\n<li>Award 2008 of the Chamber of Commerce to the best Family-owned Company.<\/li>\n<li>2006 Iberdrola Award for Excellence to the Supplier of the Year in the category of Occupational Risks Prevention.<\/li>\n<li>2004 Iberdrola Award for Excellence to the Supplier of the Year in the category of Services &#8211; Large Companies.<\/li>\n<li>Honorable Mention in Prever 2009 Awards for Occupational Risk Prevention from the Ministry of Labor and Social Affairs.<\/li>\n<li>Bancaja-UPV award for Education Cooperation Programs in 2011.<\/li>\n<li>Bancaja-UPV award for Education Cooperation Programs in 2007.<\/li>\n<li>General Electric &#8211; 2003 Project LX2 Safest Contractor Award.<\/li>\n<li>Register of supplier companies by Ministry of Defense.<\/li>\n<li>Register of external companies by Nuclear Regulatory Commission.<\/li>\n<li>REPRO register of energy sector suppliers<\/li>\n<\/ul>\n<p><img fetchpriority=\"high\" decoding=\"async\" class=\"aligncenter wp-image-1912 size-large\" src=\"https:\/\/gdes.com\/gdes-es\/wp-content\/uploads\/sites\/5\/2017\/09\/Premios-1024x320.jpg\" sizes=\"(max-width: 750px) 100vw, 750px\" srcset=\"https:\/\/gdes.com\/corporate\/wp-content\/uploads\/sites\/5\/2017\/09\/Premios-1024x320.jpg 1024w, https:\/\/gdes.com\/corporate\/wp-content\/uploads\/sites\/5\/2017\/09\/Premios-300x94.jpg 300w, https:\/\/gdes.com\/corporate\/wp-content\/uploads\/sites\/5\/2017\/09\/Premios-768x240.jpg 768w, https:\/\/gdes.com\/corporate\/wp-content\/uploads\/sites\/5\/2017\/09\/Premios.jpg 1280w\" width=\"750\" height=\"234\" \/><\/p>","protected":false},"excerpt":{"rendered":"<p>GDES Prever Award 2025 in the Companies and Institutions category, granted by the General Council of Industrial Relations and Labour Sciences of Spain. GD Energy Services Award for Excellence in Safety granted by Iberdrola Energ\u00eda Sostenible Espa\u00f1a for its strong results and outstanding commitment in occupational health and safety. GD Energy Services S.A.U. awarded the [&hellip;]<\/p>\n","protected":false},"author":3,"featured_media":0,"parent":0,"menu_order":0,"comment_status":"closed","ping_status":"closed","template":"Page-fullwidth.php","meta":{"footnotes":""},"class_list":["post-377185","page","type-page","status-publish","hentry"],"aioseo_notices":[],"_links":{"self":[{"href":"https:\/\/gdes.com\/corporate\/en\/wp-json\/wp\/v2\/pages\/377185","targetHints":{"allow":["GET"]}}],"collection":[{"href":"https:\/\/gdes.com\/corporate\/en\/wp-json\/wp\/v2\/pages"}],"about":[{"href":"https:\/\/gdes.com\/corporate\/en\/wp-json\/wp\/v2\/types\/page"}],"author":[{"embeddable":true,"href":"https:\/\/gdes.com\/corporate\/en\/wp-json\/wp\/v2\/users\/3"}],"replies":[{"embeddable":true,"href":"https:\/\/gdes.com\/corporate\/en\/wp-json\/wp\/v2\/comments?post=377185"}],"version-history":[{"count":1,"href":"https:\/\/gdes.com\/corporate\/en\/wp-json\/wp\/v2\/pages\/377185\/revisions"}],"predecessor-version":[{"id":377186,"href":"https:\/\/gdes.com\/corporate\/en\/wp-json\/wp\/v2\/pages\/377185\/revisions\/377186"}],"wp:attachment":[{"href":"https:\/\/gdes.com\/corporate\/en\/wp-json\/wp\/v2\/media?parent=377185"}],"curies":[{"name":"wp","href":"https:\/\/api.w.org\/{rel}","templated":true}]}}