{"id":36584,"date":"2021-11-02T10:07:24","date_gmt":"2021-11-02T09:07:24","guid":{"rendered":"https:\/\/gdes.com\/corporate\/?page_id=36584"},"modified":"2023-01-18T11:22:33","modified_gmt":"2023-01-18T10:22:33","slug":"politica-de-privacidad","status":"publish","type":"page","link":"https:\/\/gdes.com\/corporate\/en\/politica-de-privacidad\/","title":{"rendered":"Pol\u00edtica de privacidad"},"content":{"rendered":"<p><strong>I.- Responsable del Tratamiento<\/strong><\/p>\n<p>GD ENERGY SERVICES SAU (en adelante \u201cGDES\u201d), con domicilio enle informa que tratar\u00e1 los datos recabados por medios telef\u00f3nicos, por correo electr\u00f3nico y a trav\u00e9s de los formularios de esta web en calidad de Responsable del Tratamiento.<\/p>\n<p>Asimismo, puede contactar con el Delegado de Protecci\u00f3n de Datos en la direcci\u00f3n de correo electr\u00f3nico <a href=\"mailto:rgpd@gdes.com\">rgpd@gdes.com<\/a>, para resolver cualquier duda que pueda surgirle en relaci\u00f3n con el tratamiento de sus datos.<\/p>\n<p><strong>II.- Finalidad y base jur\u00eddica del tratamiento<\/strong><\/p>\n<p>Los datos recabados ser\u00e1n tratados con las siguientes finalidades:<\/p>\n<ul>\n<li>Posibilitar la prestaci\u00f3n de servicios, en base a la relaci\u00f3n contractual o precontractual.<\/li>\n<li>Posibilitar la atenci\u00f3n de las consultas o reclamaciones formuladas a trav\u00e9s del sitio web o por correo electr\u00f3nico, en base a la relaci\u00f3n contractual o precontractual, en funci\u00f3n de cu\u00e1l sea su consulta.<\/li>\n<li>Posibilitar la gesti\u00f3n de selecci\u00f3n de personal, en base a la relaci\u00f3n precontractual.<\/li>\n<\/ul>\n<p>&nbsp;<\/p>\n<p><strong>III.- Destinatarios<\/strong><\/p>\n<p><u>Comunicaci\u00f3n de los datos<\/u><\/p>\n<p>GDES no prev\u00e9 realizar comunicaciones de datos a terceros, a excepci\u00f3n de las legalmente previstas.<\/p>\n<p>En todo caso, si resultara necesario realizar una comunicaci\u00f3n de datos para posibilitar la prestaci\u00f3n del servicio o con una nueva finalidad, se informar\u00e1 previamente a los usuarios.<\/p>\n<p><u>Encargados del tratamiento<\/u><\/p>\n<p>El tratamiento de los datos de los usuarios, podr\u00e1 ser realizado por prestadores de servicios id\u00f3neos, contratados por GDES. Dichos prestadores de servicios \u00fanicamente tratar\u00e1n los datos para las finalidades establecidas por GDES y siguiendo sus precisas instrucciones, cumpliendo rigurosamente las normas legales sobre protecci\u00f3n de datos personales, seguridad de la informaci\u00f3n y dem\u00e1s normas aplicables.<\/p>\n<p><strong>IV.- Transferencias internacionales de datos<\/strong><\/p>\n<p>Asimismo, se informa a los usuarios que no se llevan a cabo transferencias internacionales de los datos facilitados a trav\u00e9s de nuestro sitio web.<\/p>\n<p><strong>V.- Plazos de conservaci\u00f3n<\/strong><\/p>\n<p>Los datos recabados se conservar\u00e1n por el tiempo que sea necesario para posibilitar las finalidades arriba indicadas y, una vez transcurrido dicho plazo, por el tiempo que marque la normativa aplicable, al efecto de poder atender requerimientos y responder ante eventuales responsabilidades.<\/p>\n<p><strong>VI.- Ejercicio de Derechos <\/strong><\/p>\n<p>Usted podr\u00e1, en cualquier momento y de forma gratuita, ejercer sus derechos de acceso, rectificaci\u00f3n o supresi\u00f3n, oposici\u00f3n, limitaci\u00f3n y portabilidad de sus datos, en los t\u00e9rminos establecidos en la normativa vigente, dirigi\u00e9ndose por escrito a Ronda Auguste y Louis Lumiere 15, 46980, Paterna, Valencia o por medio de correo electr\u00f3nico dirigido a la direcci\u00f3n \u00a0<a href=\"mailto:rgpd@gdes.com\">rgpd@gdes.com<\/a>.<\/p>\n<p>Asimismo, si lo prefiere, tambi\u00e9n puede contactar con nuestro delegado de Protecci\u00f3n de Datos en la \u00a0misma direcci\u00f3n de correo electr\u00f3nico <a href=\"mailto:rgpd@gdes.com\">rgpd@gdes.com<\/a>.<\/p>\n<p>En todo caso, se le informa de que, si usted considerara que los derechos que le son reconocidos por la normativa aplicable de protecci\u00f3n de datos hubieran podido ser vulnerados, podr\u00e1 presentar una reclamaci\u00f3n ante la correspondiente autoridad de control.<\/p>\n<p>&nbsp;<\/p>\n<p>\u00daltima actualizaci\u00f3n: julio de 2021<\/p>","protected":false},"excerpt":{"rendered":"<p>I.- Responsable del Tratamiento GD ENERGY SERVICES SAU (en adelante \u201cGDES\u201d), con domicilio enle informa que tratar\u00e1 los datos recabados por medios telef\u00f3nicos, por correo electr\u00f3nico y a trav\u00e9s de los formularios de esta web en calidad de Responsable del Tratamiento. Asimismo, puede contactar con el Delegado de Protecci\u00f3n de Datos en la direcci\u00f3n de [&hellip;]<\/p>\n","protected":false},"author":1,"featured_media":0,"parent":0,"menu_order":0,"comment_status":"closed","ping_status":"closed","template":"Page-fullwidth.php","meta":{"footnotes":""},"class_list":["post-36584","page","type-page","status-publish","hentry"],"aioseo_notices":[],"_links":{"self":[{"href":"https:\/\/gdes.com\/corporate\/en\/wp-json\/wp\/v2\/pages\/36584","targetHints":{"allow":["GET"]}}],"collection":[{"href":"https:\/\/gdes.com\/corporate\/en\/wp-json\/wp\/v2\/pages"}],"about":[{"href":"https:\/\/gdes.com\/corporate\/en\/wp-json\/wp\/v2\/types\/page"}],"author":[{"embeddable":true,"href":"https:\/\/gdes.com\/corporate\/en\/wp-json\/wp\/v2\/users\/1"}],"replies":[{"embeddable":true,"href":"https:\/\/gdes.com\/corporate\/en\/wp-json\/wp\/v2\/comments?post=36584"}],"version-history":[{"count":9,"href":"https:\/\/gdes.com\/corporate\/en\/wp-json\/wp\/v2\/pages\/36584\/revisions"}],"predecessor-version":[{"id":72276,"href":"https:\/\/gdes.com\/corporate\/en\/wp-json\/wp\/v2\/pages\/36584\/revisions\/72276"}],"wp:attachment":[{"href":"https:\/\/gdes.com\/corporate\/en\/wp-json\/wp\/v2\/media?parent=36584"}],"curies":[{"name":"wp","href":"https:\/\/api.w.org\/{rel}","templated":true}]}}