{"id":1576,"date":"2017-09-03T19:22:27","date_gmt":"2017-09-03T18:22:27","guid":{"rendered":"https:\/\/gdes.com\/gdes-es\/?page_id=1576"},"modified":"2022-09-13T07:47:22","modified_gmt":"2022-09-13T06:47:22","slug":"form","status":"publish","type":"page","link":"https:\/\/gdes.com\/corporate\/en\/form\/","title":{"rendered":"Information request"},"content":{"rendered":"<p><\/p>\n<h4>Radiological Protection<\/h4>\n<p>If you are interested in any of our courses or want more information about the services of the\u00a0<strong>GDES Radiological Protection Technical Unit<\/strong>, contact us through the following form:<\/p>\n<p><span class=\"cntctfrm_shortcode\">\n<div class=\"wpcf7 no-js\" id=\"wpcf7-f1650-o2\" lang=\"es-ES\" dir=\"ltr\" data-wpcf7-id=\"1650\">\n<div class=\"screen-reader-response\"><p role=\"status\" aria-live=\"polite\" aria-atomic=\"true\"><\/p> <ul><\/ul><\/div>\n<form action=\"\/corporate\/en\/wp-json\/wp\/v2\/pages\/1576#wpcf7-f1650-o2\" method=\"post\" class=\"wpcf7-form init\" aria-label=\"Formulario de contacto\" novalidate=\"novalidate\" data-status=\"init\">\n<fieldset class=\"hidden-fields-container\"><input type=\"hidden\" name=\"_wpcf7\" value=\"1650\" \/><input type=\"hidden\" name=\"_wpcf7_version\" value=\"6.1.5\" \/><input type=\"hidden\" name=\"_wpcf7_locale\" value=\"es_ES\" \/><input type=\"hidden\" name=\"_wpcf7_unit_tag\" value=\"wpcf7-f1650-o2\" \/><input type=\"hidden\" name=\"_wpcf7_container_post\" value=\"0\" \/><input type=\"hidden\" name=\"_wpcf7_posted_data_hash\" value=\"\" \/><input type=\"hidden\" name=\"_wpcf7_recaptcha_response\" value=\"\" \/>\n<\/fieldset>\n<p><label> Name<br \/>\n<span class=\"wpcf7-form-control-wrap\" data-name=\"your-name\"><input size=\"40\" maxlength=\"400\" class=\"wpcf7-form-control wpcf7-text wpcf7-validates-as-required\" aria-required=\"true\" aria-invalid=\"false\" value=\"\" type=\"text\" name=\"your-name\" \/><\/span> <\/label>\n<\/p>\n<p><label> Your Email (required)<br \/>\n<span class=\"wpcf7-form-control-wrap\" data-name=\"your-email\"><input size=\"40\" maxlength=\"400\" class=\"wpcf7-form-control wpcf7-email wpcf7-validates-as-required wpcf7-text wpcf7-validates-as-email\" aria-required=\"true\" aria-invalid=\"false\" value=\"\" type=\"email\" name=\"your-email\" \/><\/span> <\/label>\n<\/p>\n<p><label> Subject<br \/>\n<span class=\"wpcf7-form-control-wrap\" data-name=\"your-subject\"><input size=\"40\" maxlength=\"400\" class=\"wpcf7-form-control wpcf7-text\" aria-invalid=\"false\" value=\"\" type=\"text\" name=\"your-subject\" \/><\/span> <\/label>\n<\/p>\n<p><label> Message<br \/>\n<span class=\"wpcf7-form-control-wrap\" data-name=\"your-message\"><textarea cols=\"40\" rows=\"10\" maxlength=\"2000\" class=\"wpcf7-form-control wpcf7-textarea\" aria-invalid=\"false\" name=\"your-message\"><\/textarea><\/span> <\/label>\n<\/p>\n<span class=\"wpcf7-form-control-wrap recaptcha\" data-name=\"recaptcha\"><span data-sitekey=\"6Ld8iMEUAAAAACuN4gMUb1291mMD5CKWbE2CI09Q\" class=\"wpcf7-form-control wpcf7-recaptcha g-recaptcha\"><\/span>\r\n<noscript>\r\n\t<div class=\"grecaptcha-noscript\">\r\n\t\t<iframe src=\"https:\/\/www.google.com\/recaptcha\/api\/fallback?k=6Ld8iMEUAAAAACuN4gMUb1291mMD5CKWbE2CI09Q\" frameborder=\"0\" scrolling=\"no\" width=\"310\" height=\"430\">\r\n\t\t<\/iframe>\r\n\t\t<textarea name=\"g-recaptcha-response\" rows=\"3\" cols=\"40\" placeholder=\"Aqu\u00ed la respuesta de reCAPTCHA\">\r\n\t\t<\/textarea>\r\n\t<\/div>\r\n<\/noscript>\r\n<\/span>\n<p><input class=\"wpcf7-form-control wpcf7-submit has-spinner\" type=\"submit\" value=\"Send\" \/>\n<\/p><div class=\"wpcf7-response-output\" aria-hidden=\"true\"><\/div>\n<\/form>\n<\/div>\n<\/span><\/p>\n<p>GD ENERGY SERVICES SAU tratar\u00e1 sus datos con la finalidad de posibilitar el contacto con usted y poder gestionar sus consultas. Si desea conocer m\u00e1s informaci\u00f3n sobre el tratamiento de sus datos o sobre la posibilidad de ejercer sus derechos, consulte nuestra<a href=\"https:\/\/gdes.com\/corporate\/politica-de-privacidad\/\" target=\"_blank\" rel=\"noopener\"> Pol\u00edtica de Privacidad<\/a>.<\/p>","protected":false},"excerpt":{"rendered":"<p>Radiological Protection If you are interested in any of our courses or want more information about the services of the\u00a0GDES Radiological Protection Technical Unit, contact us through the following form: GD ENERGY SERVICES SAU tratar\u00e1 sus datos con la finalidad de posibilitar el contacto con usted y poder gestionar sus consultas. Si desea conocer m\u00e1s [&hellip;]<\/p>\n","protected":false},"author":1,"featured_media":0,"parent":0,"menu_order":2,"comment_status":"closed","ping_status":"closed","template":"Page-fullwidth.php","meta":{"footnotes":""},"class_list":["post-1576","page","type-page","status-publish","hentry"],"aioseo_notices":[],"_links":{"self":[{"href":"https:\/\/gdes.com\/corporate\/en\/wp-json\/wp\/v2\/pages\/1576","targetHints":{"allow":["GET"]}}],"collection":[{"href":"https:\/\/gdes.com\/corporate\/en\/wp-json\/wp\/v2\/pages"}],"about":[{"href":"https:\/\/gdes.com\/corporate\/en\/wp-json\/wp\/v2\/types\/page"}],"author":[{"embeddable":true,"href":"https:\/\/gdes.com\/corporate\/en\/wp-json\/wp\/v2\/users\/1"}],"replies":[{"embeddable":true,"href":"https:\/\/gdes.com\/corporate\/en\/wp-json\/wp\/v2\/comments?post=1576"}],"version-history":[{"count":33,"href":"https:\/\/gdes.com\/corporate\/en\/wp-json\/wp\/v2\/pages\/1576\/revisions"}],"predecessor-version":[{"id":70122,"href":"https:\/\/gdes.com\/corporate\/en\/wp-json\/wp\/v2\/pages\/1576\/revisions\/70122"}],"wp:attachment":[{"href":"https:\/\/gdes.com\/corporate\/en\/wp-json\/wp\/v2\/media?parent=1576"}],"curies":[{"name":"wp","href":"https:\/\/api.w.org\/{rel}","templated":true}]}}