{"id":1343,"date":"2017-08-27T23:45:04","date_gmt":"2017-08-27T22:45:04","guid":{"rendered":"https:\/\/gdes.com\/gdes-es\/?page_id=1343"},"modified":"2022-11-18T10:53:58","modified_gmt":"2022-11-18T09:53:58","slug":"contacto","status":"publish","type":"page","link":"https:\/\/gdes.com\/corporate\/en\/contacto\/","title":{"rendered":"Contact"},"content":{"rendered":"<p>\n<div class=\"wpcf7 no-js\" id=\"wpcf7-f2870-o2\" lang=\"es-ES\" dir=\"ltr\" data-wpcf7-id=\"2870\">\n<div class=\"screen-reader-response\"><p role=\"status\" aria-live=\"polite\" aria-atomic=\"true\"><\/p> <ul><\/ul><\/div>\n<form action=\"\/corporate\/en\/wp-json\/wp\/v2\/pages\/1343#wpcf7-f2870-o2\" method=\"post\" class=\"wpcf7-form init\" aria-label=\"Formulario de contacto\" novalidate=\"novalidate\" data-status=\"init\">\n<fieldset class=\"hidden-fields-container\"><input type=\"hidden\" name=\"_wpcf7\" value=\"2870\" \/><input type=\"hidden\" name=\"_wpcf7_version\" value=\"6.1.5\" \/><input type=\"hidden\" name=\"_wpcf7_locale\" value=\"es_ES\" \/><input type=\"hidden\" name=\"_wpcf7_unit_tag\" value=\"wpcf7-f2870-o2\" \/><input type=\"hidden\" name=\"_wpcf7_container_post\" value=\"0\" \/><input type=\"hidden\" name=\"_wpcf7_posted_data_hash\" value=\"\" \/><input type=\"hidden\" name=\"_wpcf7_recaptcha_response\" value=\"\" \/>\n<\/fieldset>\n<p><label> Name<br \/>\n<span class=\"wpcf7-form-control-wrap\" data-name=\"your-name\"><input size=\"40\" maxlength=\"400\" class=\"wpcf7-form-control wpcf7-text wpcf7-validates-as-required\" aria-required=\"true\" aria-invalid=\"false\" value=\"\" type=\"text\" name=\"your-name\" \/><\/span> <\/label>\n<\/p>\n<p><label> Your Email (required)<br \/>\n<span class=\"wpcf7-form-control-wrap\" data-name=\"your-email\"><input size=\"40\" maxlength=\"400\" class=\"wpcf7-form-control wpcf7-email wpcf7-validates-as-required wpcf7-text wpcf7-validates-as-email\" aria-required=\"true\" aria-invalid=\"false\" value=\"\" type=\"email\" name=\"your-email\" \/><\/span> <\/label>\n<\/p>\n<p><label> Subject<br \/>\n<span class=\"wpcf7-form-control-wrap\" data-name=\"your-subject\"><input size=\"40\" maxlength=\"400\" class=\"wpcf7-form-control wpcf7-text\" aria-invalid=\"false\" value=\"\" type=\"text\" name=\"your-subject\" \/><\/span> <\/label>\n<\/p>\n<p><label> Message<br \/>\n<span class=\"wpcf7-form-control-wrap\" data-name=\"your-message\"><textarea cols=\"40\" rows=\"10\" maxlength=\"2000\" class=\"wpcf7-form-control wpcf7-textarea\" aria-invalid=\"false\" name=\"your-message\"><\/textarea><\/span> <\/label>\n<\/p>\n<p><label> Services of my interest<\/label><br \/>\n<span class=\"wpcf7-form-control-wrap\" data-name=\"Areasdeinteres\"><span class=\"wpcf7-form-control wpcf7-checkbox wpcf7-validates-as-required\"><span class=\"wpcf7-list-item first\"><label><input type=\"checkbox\" name=\"Areasdeinteres[]\" value=\"Nuclear Services\" \/><span class=\"wpcf7-list-item-label\">Nuclear Services<\/span><\/label><\/span><span class=\"wpcf7-list-item\"><label><input type=\"checkbox\" name=\"Areasdeinteres[]\" value=\"Radiological Protection\" \/><span class=\"wpcf7-list-item-label\">Radiological Protection<\/span><\/label><\/span><span class=\"wpcf7-list-item\"><label><input type=\"checkbox\" name=\"Areasdeinteres[]\" value=\"Decommissioning Services\" \/><span class=\"wpcf7-list-item-label\">Decommissioning Services<\/span><\/label><\/span><span class=\"wpcf7-list-item\"><label><input type=\"checkbox\" name=\"Areasdeinteres[]\" value=\"Surface Treatment\" \/><span class=\"wpcf7-list-item-label\">Surface Treatment<\/span><\/label><\/span><span class=\"wpcf7-list-item\"><label><input type=\"checkbox\" name=\"Areasdeinteres[]\" value=\"Wind Energy Services\" \/><span class=\"wpcf7-list-item-label\">Wind Energy Services<\/span><\/label><\/span><span class=\"wpcf7-list-item\"><label><input type=\"checkbox\" name=\"Areasdeinteres[]\" value=\"Logistics Services\" \/><span class=\"wpcf7-list-item-label\">Logistics Services<\/span><\/label><\/span><span class=\"wpcf7-list-item\"><label><input type=\"checkbox\" name=\"Areasdeinteres[]\" value=\"Efficiency &amp; Photovotaic\" \/><span class=\"wpcf7-list-item-label\">Efficiency &amp; Photovotaic<\/span><\/label><\/span><span class=\"wpcf7-list-item last\"><label><input type=\"checkbox\" name=\"Areasdeinteres[]\" value=\"Other services\" \/><span class=\"wpcf7-list-item-label\">Other services<\/span><\/label><\/span><\/span><\/span><br \/>\n<span class=\"wpcf7-form-control-wrap recaptcha\" data-name=\"recaptcha\"><span data-sitekey=\"6Ld8iMEUAAAAACuN4gMUb1291mMD5CKWbE2CI09Q\" class=\"wpcf7-form-control wpcf7-recaptcha g-recaptcha Contacto\"><\/span>\r\n<noscript>\r\n\t<div class=\"grecaptcha-noscript\">\r\n\t\t<iframe src=\"https:\/\/www.google.com\/recaptcha\/api\/fallback?k=6Ld8iMEUAAAAACuN4gMUb1291mMD5CKWbE2CI09Q\" frameborder=\"0\" scrolling=\"no\" width=\"310\" height=\"430\">\r\n\t\t<\/iframe>\r\n\t\t<textarea name=\"g-recaptcha-response\" rows=\"3\" cols=\"40\" placeholder=\"Aqu\u00ed la respuesta de reCAPTCHA\">\r\n\t\t<\/textarea>\r\n\t<\/div>\r\n<\/noscript>\r\n<\/span>\n<\/p>\n<p><input class=\"wpcf7-form-control wpcf7-submit has-spinner\" type=\"submit\" value=\"Send\" \/>\n<\/p><div class=\"wpcf7-response-output\" aria-hidden=\"true\"><\/div>\n<\/form>\n<\/div>\n<\/p>\n<p>INGENIER\u00cdA Y MARKETING, S.A. o, en su caso, alguna de las empresas asociadas al grupo de la cual usted est\u00e9 interesado en recibir informaci\u00f3n, tales como GDES Energy Services SAU, Revestimientos Anticorrosivos Industriales S.L.U, Titania Servicios Tecnol\u00f3gicos S.L, GDES WIND S.L, GDES Efficiency, S.L. tratar\u00e1n sus datos con la finalidad de posibilitar el contacto con usted y poder gestionar sus consultas. Si desea conocer m\u00e1s informaci\u00f3n sobre el tratamiento de sus datos o sobre la posibilidad de ejercer sus derechos, consulte nuestra<a href=\"https:\/\/gdes.com\/corporate\/politica-de-privacidad\/\" target=\"_blank\" rel=\"noopener\">\u00a0Pol\u00edtica de Privacidad<\/a>.<\/p>","protected":false},"excerpt":{"rendered":"<p>INGENIER\u00cdA Y MARKETING, S.A. o, en su caso, alguna de las empresas asociadas al grupo de la cual usted est\u00e9 interesado en recibir informaci\u00f3n, tales como GDES Energy Services SAU, Revestimientos Anticorrosivos Industriales S.L.U, Titania Servicios Tecnol\u00f3gicos S.L, GDES WIND S.L, GDES Efficiency, S.L. tratar\u00e1n sus datos con la finalidad de posibilitar el contacto con [&hellip;]<\/p>\n","protected":false},"author":1,"featured_media":0,"parent":0,"menu_order":11,"comment_status":"closed","ping_status":"closed","template":"contact.php","meta":{"footnotes":""},"class_list":["post-1343","page","type-page","status-publish","hentry"],"aioseo_notices":[],"_links":{"self":[{"href":"https:\/\/gdes.com\/corporate\/en\/wp-json\/wp\/v2\/pages\/1343","targetHints":{"allow":["GET"]}}],"collection":[{"href":"https:\/\/gdes.com\/corporate\/en\/wp-json\/wp\/v2\/pages"}],"about":[{"href":"https:\/\/gdes.com\/corporate\/en\/wp-json\/wp\/v2\/types\/page"}],"author":[{"embeddable":true,"href":"https:\/\/gdes.com\/corporate\/en\/wp-json\/wp\/v2\/users\/1"}],"replies":[{"embeddable":true,"href":"https:\/\/gdes.com\/corporate\/en\/wp-json\/wp\/v2\/comments?post=1343"}],"version-history":[{"count":11,"href":"https:\/\/gdes.com\/corporate\/en\/wp-json\/wp\/v2\/pages\/1343\/revisions"}],"predecessor-version":[{"id":72275,"href":"https:\/\/gdes.com\/corporate\/en\/wp-json\/wp\/v2\/pages\/1343\/revisions\/72275"}],"wp:attachment":[{"href":"https:\/\/gdes.com\/corporate\/en\/wp-json\/wp\/v2\/media?parent=1343"}],"curies":[{"name":"wp","href":"https:\/\/api.w.org\/{rel}","templated":true}]}}